{"id":16,"date":"2021-11-30T19:51:23","date_gmt":"2021-11-30T18:51:23","guid":{"rendered":"https:\/\/petitgraf.pl\/de\/drukarnia\/?page_id=16"},"modified":"2025-03-07T10:18:52","modified_gmt":"2025-03-07T09:18:52","slug":"unternehmen","status":"publish","type":"page","link":"https:\/\/petitgraf.pl\/de\/unternehmen\/","title":{"rendered":"\u00dcber das Unternehmen"},"content":{"rendered":"\n<h1 class=\"wp-block-heading\">Druckerei Petitgraf &#8211; ein Familienunternehmen<br>mit \u00fcber 40 Jahren Tradition<\/h1>\n\n\n\n<h3 class=\"wp-block-heading\" id=\"nasza-misja\"><strong>Das ist unsere Mission.<\/strong><\/h3>\n\n\n\n<p style=\"font-size:18px\">Durch unsere Arbeit, unser Engagement und die st\u00e4ndige technologische Weiterentwicklung bieten wir unseren Kunden in k\u00fcrzester Zeit Produkte und Dienstleistungen von h\u00f6chster Qualit\u00e4t.<\/p>\n\n\n\n<p style=\"font-size:18px\">In diese Richtung streben wir jeden Tag beharrlich danach, unseren Wert nachhaltig zu steigern und ein flexibles und wettbewerbsf\u00e4higes Unternehmen zu sein.<\/p>\n\n\n\n<h3 class=\"wp-block-heading\" id=\"co-nas-wyroznia\"><strong>Was zeichnet uns aus?<\/strong><\/h3>\n\n\n\n<p>Dank unserer erfahrenen Mitarbeiter sind wir in der Lage, eine professionelle Beratung sowie eine schnelle und umfassende Auftragsabwicklung zu gew\u00e4hrleisten. Unser Team besteht aus leidenschaftlichen Druckern und Grafikdesignern. Offenheit, Flexibilit\u00e4t und Kreativit\u00e4t sind die Merkmale, dank derer wir ein professionelles Arbeitsniveau in jeder Phase der Umsetzung garantieren.<\/p>\n\n\n\n<p>Die Druckerei ist Teil unseres Lebens, daher sind uns gute Beziehungen wichtig. Wir gehen auf jeden Kunden individuell ein und schlagen auf seine Bed\u00fcrfnisse zugeschnittene L\u00f6sungen vor. Wir transformieren jeden bedruckten Bogen zu einem Produkt, das bis ins kleinste Detail veredelt ist. Dazu nutzen wir \u2013 um mit seiner Optik zu beeindrucken \u2013 die zur Verf\u00fcgung stehenden Techniken und Veredelungsarten.<\/p>\n\n\n\n<p>Als vertrauensw\u00fcrdiger Lieferant erf\u00fcllen wir viele Qualit\u00e4tsstandards, was durch die erhaltenen Zertifikate best\u00e4tigt wird.<\/p>\n\n\n\n<div class=\"wp-block-buttons is-layout-flex wp-block-buttons-is-layout-flex\"><\/div>\n\n\n\n<div style=\"height:64px\" aria-hidden=\"true\" class=\"wp-block-spacer\"><\/div>\n\n\n\n<div class=\"wp-block-media-text alignwide has-media-on-the-right is-stacked-on-mobile\"><div class=\"wp-block-media-text__content\">\n<h3 class=\"wp-block-heading\" id=\"z-milosci-do-poligrafii-czyli-jak-to-sie-zaczelo\"><strong>Aus Liebe zum Drucken \u2013 wie hat unsere Geschichte begonnen?<\/strong><\/h3>\n\n\n\n<p>Die Geschichte der Druckerei Petitgraf reicht bis ins Jahr 1985 zur\u00fcck, als Adam Kowalski nach 15-j\u00e4hriger T\u00e4tigkeit in einer Druckerei in Brodnica von Grudzi\u0105dzkie Zak\u0142ady Graficzne beschloss, eine eigene Stempel-Produktion zu er\u00f6ffnen. Anfangs war die Herstellung von Stempeln eine zus\u00e4tzliche T\u00e4tigkeit, die sich dank der gro\u00dfen Marktnachfrage zu einer kleinen Druckerei entwickelte.<\/p>\n\n\n\n<p>Der gesch\u00e4ftst\u00fcchtige Adam Kowalski kaufte 1989 die erste Druckmaschine und Schneidemaschine. Es war der Moment, in dem er sich ganz der Druckleidenschaft widmete. Und das war erst der Anfang\u2026<\/p>\n<\/div><figure class=\"wp-block-media-text__media\"><img loading=\"lazy\" decoding=\"async\" width=\"1000\" height=\"667\" src=\"https:\/\/petitgraf.pl\/de\/wp-content\/uploads\/2022\/10\/drukarnia-petitgraf.jpg\" alt=\"\" class=\"wp-image-283 size-full\" srcset=\"https:\/\/petitgraf.pl\/de\/wp-content\/uploads\/2022\/10\/drukarnia-petitgraf.jpg 1000w, https:\/\/petitgraf.pl\/de\/wp-content\/uploads\/2022\/10\/drukarnia-petitgraf-300x200.jpg 300w, https:\/\/petitgraf.pl\/de\/wp-content\/uploads\/2022\/10\/drukarnia-petitgraf-768x512.jpg 768w\" sizes=\"auto, (max-width: 1000px) 100vw, 1000px\" \/><\/figure><\/div>\n\n\n\n<div style=\"height:64px\" aria-hidden=\"true\" class=\"wp-block-spacer\"><\/div>\n\n\n\n<div class=\"wp-block-media-text alignwide is-stacked-on-mobile\"><figure class=\"wp-block-media-text__media\"><img decoding=\"async\" src=\"https:\/\/petitgraf.pl\/wp-content\/uploads\/2024\/07\/drukarnia_Brodnica-scaled-1.jpg\" alt=\"\" class=\"wp-image-162 size-full\"\/><\/figure><div class=\"wp-block-media-text__content\">\n<h3 class=\"wp-block-heading\" id=\"lata-90\"><strong>90er Jahre.<\/strong><\/h3>\n\n\n\n<p>Ein Wendepunkt in der Unternehmensentwicklung war der Gewinn einer von Grudzi\u0105dzkie Zak\u0142ady Graficzne organisierten Ausschreibung, von welcher unter anderem die Druckerei in Brodnica profitierte. Die Investition bereicherte den Maschinenpark und erm\u00f6glichte die Gewinnung erfahrener Mitarbeiter aus der Branche.<\/p>\n\n\n\n<p>Die ersten Auftr\u00e4ge betrafen den Druck von selbstkopierenden Dokumenten &#8211; haupts\u00e4chlich Rechnungen, die die Arbeit lokaler Unternehmen unterst\u00fctzten und die Grundlage der Computerisierung bildeten.<\/p>\n\n\n\n<p>In den folgenden Jahren konzentrierte sich die Druckerei auf die Produktion von Flugbl\u00e4ttern, Plakaten und Werbezeitschriften.<\/p>\n\n\n\n<p>Im Laufe der Zeit begannen sich die Kundenbed\u00fcrfnisse zu ver\u00e4ndern. Als Anfragen zur Herstellung von Verpackungen gestellt wurden, passte der Firmengr\u00fcnder dank seiner \u00fcber die Jahre gewonnenem Expertise sein Angebot schnell an die Marktnachfrage an. So entstanden die ersten Verpackungen der Druckerei Petitgraf.<\/p>\n\n\n\n<p>Unsere Geschichte zeigt, dass wir seit Beginn unserer T\u00e4tigkeit unsere Druckerei mit Leidenschaft aufbauen und entwickeln, so dass wir dies garantieren k\u00f6nnen:<\/p>\n\n\n\n<ul class=\"wp-block-list\">\n<li>hohe Qualit\u00e4t aller angebotenen Dienstleistungen, <\/li>\n\n\n\n<li>Zuverl\u00e4ssigkeit,<\/li>\n\n\n\n<li>P\u00fcnktlichkeit<\/li>\n\n\n\n<li>wettbewerbsf\u00e4hige Preise.<\/li>\n<\/ul>\n<\/div><\/div>\n\n\n\n<div style=\"height:64px\" aria-hidden=\"true\" class=\"wp-block-spacer\"><\/div>\n\n\n\n<h3 class=\"wp-block-heading\" id=\"kim-jestesmy-dzis\"><strong>Wer sind wir heute?<\/strong><\/h3>\n\n\n\n<p>Wir sind eine moderne Druckerei, die sich auf die umfassende Produktion von Kartonagen und POS-Materialien sowie den Druck von Etiketten, Werbe- und Informationsmaterialien und Buchdruck spezialisiert hat. <\/p>\n\n\n\n<p>Wir arbeiten unter anderem f\u00fcr Branchen: Lebensmittel, Energie, Pharmazie, Kosmetik, Chemie, Elektrotechnik.<\/p>\n\n\n\n<p>Wir bauen unsere Marke st\u00e4ndig aus und bem\u00fchen uns effektiv, unsere Position am Markt zu st\u00e4rken. Wir investieren systematisch in den Maschinenpark, um mit der technologischen Entwicklung und den Bed\u00fcrfnissen unserer Kunden Schritt zu halten. Wir konzentrieren uns auf die Zusammenarbeit mit namhaften Maschinenlieferanten, dank derer wir ein immer h\u00f6heres Serviceniveau bieten.<\/p>\n\n\n\n<p>Unser Vorteil ist ein eigenes Lager mit Palettenregalanlage, das mit einer Andockstation ausgestattet ist. Es wird nicht nur zur Lagerung von Rohstoffen, sondern auch zur Lagerung von Fertigprodukten verwendet. In diesem Sinne k\u00fcmmern wir uns um den Komfort und die Sicherheit der Produkte f\u00fcr den Kunden, bis sie an den K\u00e4ufer geliefert werden.<\/p>\n\n\n\n<p>Wichtig ist auch unser eigener Transport, den wir haupts\u00e4chlich pers\u00f6nlich liefern. Unser Fuhrpark besteht aus 4 Fahrzeugen mit unterschiedlichen Nutzlasten. Solche bew\u00e4hrten L\u00f6sungen machen uns unabh\u00e4ngig und erleichtern die Ausf\u00fchrung von Auftr\u00e4gen.<\/p>\n\n\n\n<p>Die dynamische Entwicklung von Infrastruktur und Produktionshallen hat uns nicht nur auf dem polnischen Markt, sondern auch im Ausland zum attraktiven Kooperationspartner gemacht.<\/p>\n\n\n\n<div id=\"pageCta\" class=\"row reveal\">\n<div class=\"col-sm-12\">\n<h4>Wir erf\u00fcllen Ihre Bed\u00fcrfnisse. Haben Sie Interesse?<\/h4>\n<p>Wir stehen zu Ihrer Verf\u00fcgung. Treten wir in Dialog \u00fcber die beste L\u00f6sung f\u00fcr Sie und Ihr Unternehmen.<\/p>\n<a href=\"https:\/\/petitgraf.pl\/de\/angebot\" class=\"mainBtnInv2\">Siehe Angebot \u2192<\/a>\n<\/div>\n<\/div>\n\n\n\n<h3 class=\"wp-block-heading\"><strong>Petitgraf in Zahlen<\/strong><\/h3>\n\n\n\n<div class=\"row\">\n<div class=\"col-sm-3\">\n<div class=\"boxService2\">\n<p>seit \u00fcber<\/p>\n<span class=\"bigNumber\" data-from=\"0\" data-to=\"40\" data-speed=\"3000\">40<\/span><span class=\"bigNumber2\"> Jahren<\/span>\n<p>in der Druckerei Branche t\u00e4tig<\/p>\n<\/div>\n<\/div>\n<div class=\"col-sm-3\">\n<div class=\"boxService2\">\n<p>\u00fcber<\/p>\n<span class=\"bigNumber\" data-from=\"0\" data-to=\"25\" data-speed=\"3000\">25<\/span><span class=\"bigNumber2\"> Mio.<\/span>\n<p> produzierte Packungen j\u00e4hrlich<\/p>\n<\/div>\n<\/div>\n<div class=\"col-sm-3\">\n<div class=\"boxService2\">\n<p>\u00fcber<\/p>\n<span class=\"bigNumber\" data-from=\"0\" data-to=\"250\" data-speed=\"3000\">250<\/span><span class=\"bigNumber2\"> 000<\/span>\n<p>j\u00e4hrlich gedruckte Brosch\u00fcren, Handb\u00fccher und Kataloge<\/p>\n<\/div>\n<\/div>\n<div class=\"col-sm-3\">\n<div class=\"boxService2\">\n<p>\u00fcber<\/p>\n<span class=\"bigNumber\" data-from=\"0\" data-to=\"2200\" data-speed=\"4000\">2200<\/span><span class=\"bigNumber2\"> m<sup>2<\/sup><\/span>\n<p>roduktions-, Lager- und B\u00fcrofl\u00e4che\n<\/p>\n<\/div>\n<\/div>\n","protected":false},"excerpt":{"rendered":"<p>Druckerei Petitgraf &#8211; ein Familienunternehmenmit \u00fcber 40 Jahren Tradition Das ist unsere Mission. Durch unsere Arbeit, unser Engagement und die st\u00e4ndige technologische Weiterentwicklung bieten wir unseren Kunden in k\u00fcrzester Zeit Produkte und Dienstleistungen von h\u00f6chster Qualit\u00e4t. In diese Richtung streben wir jeden Tag beharrlich danach, unseren Wert nachhaltig zu steigern und ein flexibles und wettbewerbsf\u00e4higes [&hellip;]<\/p>\n","protected":false},"author":1,"featured_media":0,"parent":0,"menu_order":0,"comment_status":"closed","ping_status":"closed","template":"","meta":{"footnotes":""},"class_list":["post-16","page","type-page","status-publish","hentry"],"yoast_head":"<!-- This site is optimized with the Yoast SEO plugin v23.5 - https:\/\/yoast.com\/wordpress\/plugins\/seo\/ -->\n<title>\u00dcber das Unternehmen - Druckerei Petitgraf Sp. z o.o.<\/title>\n<meta name=\"robots\" content=\"index, follow, max-snippet:-1, max-image-preview:large, max-video-preview:-1\" \/>\n<link rel=\"canonical\" href=\"https:\/\/petitgraf.pl\/de\/unternehmen\/\" \/>\n<meta property=\"og:locale\" content=\"pl_PL\" \/>\n<meta property=\"og:type\" content=\"article\" \/>\n<meta property=\"og:title\" content=\"\u00dcber das Unternehmen - Druckerei Petitgraf Sp. z o.o.\" \/>\n<meta property=\"og:description\" content=\"Druckerei Petitgraf &#8211; ein Familienunternehmenmit \u00fcber 40 Jahren Tradition Das ist unsere Mission. Durch unsere Arbeit, unser Engagement und die st\u00e4ndige technologische Weiterentwicklung bieten wir unseren Kunden in k\u00fcrzester Zeit Produkte und Dienstleistungen von h\u00f6chster Qualit\u00e4t. In diese Richtung streben wir jeden Tag beharrlich danach, unseren Wert nachhaltig zu steigern und ein flexibles und wettbewerbsf\u00e4higes [&hellip;]\" \/>\n<meta property=\"og:url\" content=\"https:\/\/petitgraf.pl\/de\/unternehmen\/\" \/>\n<meta property=\"og:site_name\" content=\"Druckerei Petitgraf Sp. z o.o.\" \/>\n<meta property=\"article:publisher\" content=\"https:\/\/www.facebook.com\/petitgraf\" \/>\n<meta property=\"article:modified_time\" content=\"2025-03-07T09:18:52+00:00\" \/>\n<meta property=\"og:image\" content=\"https:\/\/petitgraf.pl\/de\/wp-content\/uploads\/2022\/10\/drukarnia-petitgraf.jpg\" \/>\n<meta name=\"twitter:card\" content=\"summary_large_image\" \/>\n<script type=\"application\/ld+json\" class=\"yoast-schema-graph\">{\"@context\":\"https:\/\/schema.org\",\"@graph\":[{\"@type\":\"WebPage\",\"@id\":\"https:\/\/petitgraf.pl\/de\/unternehmen\/\",\"url\":\"https:\/\/petitgraf.pl\/de\/unternehmen\/\",\"name\":\"\u00dcber das Unternehmen - Druckerei Petitgraf Sp. z o.o.\",\"isPartOf\":{\"@id\":\"https:\/\/petitgraf.pl\/de\/#website\"},\"primaryImageOfPage\":{\"@id\":\"https:\/\/petitgraf.pl\/de\/unternehmen\/#primaryimage\"},\"image\":{\"@id\":\"https:\/\/petitgraf.pl\/de\/unternehmen\/#primaryimage\"},\"thumbnailUrl\":\"https:\/\/petitgraf.pl\/de\/wp-content\/uploads\/2022\/10\/drukarnia-petitgraf.jpg\",\"datePublished\":\"2021-11-30T18:51:23+00:00\",\"dateModified\":\"2025-03-07T09:18:52+00:00\",\"breadcrumb\":{\"@id\":\"https:\/\/petitgraf.pl\/de\/unternehmen\/#breadcrumb\"},\"inLanguage\":\"pl-PL\",\"potentialAction\":[{\"@type\":\"ReadAction\",\"target\":[\"https:\/\/petitgraf.pl\/de\/unternehmen\/\"]}]},{\"@type\":\"ImageObject\",\"inLanguage\":\"pl-PL\",\"@id\":\"https:\/\/petitgraf.pl\/de\/unternehmen\/#primaryimage\",\"url\":\"https:\/\/petitgraf.pl\/de\/wp-content\/uploads\/2022\/10\/drukarnia-petitgraf.jpg\",\"contentUrl\":\"https:\/\/petitgraf.pl\/de\/wp-content\/uploads\/2022\/10\/drukarnia-petitgraf.jpg\",\"width\":1000,\"height\":667},{\"@type\":\"BreadcrumbList\",\"@id\":\"https:\/\/petitgraf.pl\/de\/unternehmen\/#breadcrumb\",\"itemListElement\":[{\"@type\":\"ListItem\",\"position\":1,\"name\":\"Strona g\u0142\u00f3wna\",\"item\":\"https:\/\/petitgraf.pl\/de\/\"},{\"@type\":\"ListItem\",\"position\":2,\"name\":\"\u00dcber das Unternehmen\"}]},{\"@type\":\"WebSite\",\"@id\":\"https:\/\/petitgraf.pl\/de\/#website\",\"url\":\"https:\/\/petitgraf.pl\/de\/\",\"name\":\"Druckerei Petitgraf Sp. z o.o.\",\"description\":\"\",\"publisher\":{\"@id\":\"https:\/\/petitgraf.pl\/de\/#organization\"},\"potentialAction\":[{\"@type\":\"SearchAction\",\"target\":{\"@type\":\"EntryPoint\",\"urlTemplate\":\"https:\/\/petitgraf.pl\/de\/?s={search_term_string}\"},\"query-input\":{\"@type\":\"PropertyValueSpecification\",\"valueRequired\":true,\"valueName\":\"search_term_string\"}}],\"inLanguage\":\"pl-PL\"},{\"@type\":\"Organization\",\"@id\":\"https:\/\/petitgraf.pl\/de\/#organization\",\"name\":\"Drukarnia Petitgraf Sp. z o.o.\",\"url\":\"https:\/\/petitgraf.pl\/de\/\",\"logo\":{\"@type\":\"ImageObject\",\"inLanguage\":\"pl-PL\",\"@id\":\"https:\/\/petitgraf.pl\/de\/#\/schema\/logo\/image\/\",\"url\":\"https:\/\/petitgraf.pl\/de\/wp-content\/uploads\/2021\/11\/drukarnia_petitgraf_brodnica_logo.png\",\"contentUrl\":\"https:\/\/petitgraf.pl\/de\/wp-content\/uploads\/2021\/11\/drukarnia_petitgraf_brodnica_logo.png\",\"width\":200,\"height\":45,\"caption\":\"Drukarnia Petitgraf Sp. z o.o.\"},\"image\":{\"@id\":\"https:\/\/petitgraf.pl\/de\/#\/schema\/logo\/image\/\"},\"sameAs\":[\"https:\/\/www.facebook.com\/petitgraf\"]}]}<\/script>\n<!-- \/ Yoast SEO plugin. -->","yoast_head_json":{"title":"\u00dcber das Unternehmen - Druckerei Petitgraf Sp. z o.o.","robots":{"index":"index","follow":"follow","max-snippet":"max-snippet:-1","max-image-preview":"max-image-preview:large","max-video-preview":"max-video-preview:-1"},"canonical":"https:\/\/petitgraf.pl\/de\/unternehmen\/","og_locale":"pl_PL","og_type":"article","og_title":"\u00dcber das Unternehmen - Druckerei Petitgraf Sp. z o.o.","og_description":"Druckerei Petitgraf &#8211; ein Familienunternehmenmit \u00fcber 40 Jahren Tradition Das ist unsere Mission. Durch unsere Arbeit, unser Engagement und die st\u00e4ndige technologische Weiterentwicklung bieten wir unseren Kunden in k\u00fcrzester Zeit Produkte und Dienstleistungen von h\u00f6chster Qualit\u00e4t. In diese Richtung streben wir jeden Tag beharrlich danach, unseren Wert nachhaltig zu steigern und ein flexibles und wettbewerbsf\u00e4higes [&hellip;]","og_url":"https:\/\/petitgraf.pl\/de\/unternehmen\/","og_site_name":"Druckerei Petitgraf Sp. z o.o.","article_publisher":"https:\/\/www.facebook.com\/petitgraf","article_modified_time":"2025-03-07T09:18:52+00:00","og_image":[{"url":"https:\/\/petitgraf.pl\/de\/wp-content\/uploads\/2022\/10\/drukarnia-petitgraf.jpg"}],"twitter_card":"summary_large_image","schema":{"@context":"https:\/\/schema.org","@graph":[{"@type":"WebPage","@id":"https:\/\/petitgraf.pl\/de\/unternehmen\/","url":"https:\/\/petitgraf.pl\/de\/unternehmen\/","name":"\u00dcber das Unternehmen - Druckerei Petitgraf Sp. z o.o.","isPartOf":{"@id":"https:\/\/petitgraf.pl\/de\/#website"},"primaryImageOfPage":{"@id":"https:\/\/petitgraf.pl\/de\/unternehmen\/#primaryimage"},"image":{"@id":"https:\/\/petitgraf.pl\/de\/unternehmen\/#primaryimage"},"thumbnailUrl":"https:\/\/petitgraf.pl\/de\/wp-content\/uploads\/2022\/10\/drukarnia-petitgraf.jpg","datePublished":"2021-11-30T18:51:23+00:00","dateModified":"2025-03-07T09:18:52+00:00","breadcrumb":{"@id":"https:\/\/petitgraf.pl\/de\/unternehmen\/#breadcrumb"},"inLanguage":"pl-PL","potentialAction":[{"@type":"ReadAction","target":["https:\/\/petitgraf.pl\/de\/unternehmen\/"]}]},{"@type":"ImageObject","inLanguage":"pl-PL","@id":"https:\/\/petitgraf.pl\/de\/unternehmen\/#primaryimage","url":"https:\/\/petitgraf.pl\/de\/wp-content\/uploads\/2022\/10\/drukarnia-petitgraf.jpg","contentUrl":"https:\/\/petitgraf.pl\/de\/wp-content\/uploads\/2022\/10\/drukarnia-petitgraf.jpg","width":1000,"height":667},{"@type":"BreadcrumbList","@id":"https:\/\/petitgraf.pl\/de\/unternehmen\/#breadcrumb","itemListElement":[{"@type":"ListItem","position":1,"name":"Strona g\u0142\u00f3wna","item":"https:\/\/petitgraf.pl\/de\/"},{"@type":"ListItem","position":2,"name":"\u00dcber das Unternehmen"}]},{"@type":"WebSite","@id":"https:\/\/petitgraf.pl\/de\/#website","url":"https:\/\/petitgraf.pl\/de\/","name":"Druckerei Petitgraf Sp. z o.o.","description":"","publisher":{"@id":"https:\/\/petitgraf.pl\/de\/#organization"},"potentialAction":[{"@type":"SearchAction","target":{"@type":"EntryPoint","urlTemplate":"https:\/\/petitgraf.pl\/de\/?s={search_term_string}"},"query-input":{"@type":"PropertyValueSpecification","valueRequired":true,"valueName":"search_term_string"}}],"inLanguage":"pl-PL"},{"@type":"Organization","@id":"https:\/\/petitgraf.pl\/de\/#organization","name":"Drukarnia Petitgraf Sp. z o.o.","url":"https:\/\/petitgraf.pl\/de\/","logo":{"@type":"ImageObject","inLanguage":"pl-PL","@id":"https:\/\/petitgraf.pl\/de\/#\/schema\/logo\/image\/","url":"https:\/\/petitgraf.pl\/de\/wp-content\/uploads\/2021\/11\/drukarnia_petitgraf_brodnica_logo.png","contentUrl":"https:\/\/petitgraf.pl\/de\/wp-content\/uploads\/2021\/11\/drukarnia_petitgraf_brodnica_logo.png","width":200,"height":45,"caption":"Drukarnia Petitgraf Sp. z o.o."},"image":{"@id":"https:\/\/petitgraf.pl\/de\/#\/schema\/logo\/image\/"},"sameAs":["https:\/\/www.facebook.com\/petitgraf"]}]}},"_links":{"self":[{"href":"https:\/\/petitgraf.pl\/de\/wp-json\/wp\/v2\/pages\/16","targetHints":{"allow":["GET"]}}],"collection":[{"href":"https:\/\/petitgraf.pl\/de\/wp-json\/wp\/v2\/pages"}],"about":[{"href":"https:\/\/petitgraf.pl\/de\/wp-json\/wp\/v2\/types\/page"}],"author":[{"embeddable":true,"href":"https:\/\/petitgraf.pl\/de\/wp-json\/wp\/v2\/users\/1"}],"replies":[{"embeddable":true,"href":"https:\/\/petitgraf.pl\/de\/wp-json\/wp\/v2\/comments?post=16"}],"version-history":[{"count":62,"href":"https:\/\/petitgraf.pl\/de\/wp-json\/wp\/v2\/pages\/16\/revisions"}],"predecessor-version":[{"id":393,"href":"https:\/\/petitgraf.pl\/de\/wp-json\/wp\/v2\/pages\/16\/revisions\/393"}],"wp:attachment":[{"href":"https:\/\/petitgraf.pl\/de\/wp-json\/wp\/v2\/media?parent=16"}],"curies":[{"name":"wp","href":"https:\/\/api.w.org\/{rel}","templated":true}]}}