{"id":18,"date":"2021-11-30T19:51:36","date_gmt":"2021-11-30T18:51:36","guid":{"rendered":"https:\/\/petitgraf.pl\/de\/drukarnia\/?page_id=18"},"modified":"2023-04-26T23:58:58","modified_gmt":"2023-04-26T21:58:58","slug":"rohstoffe","status":"publish","type":"page","link":"https:\/\/petitgraf.pl\/de\/rohstoffe\/","title":{"rendered":"Rohstoffe"},"content":{"rendered":"\n<h1 class=\"wp-block-heading\" id=\"stosowane-surowce\">Verwendete Rohstoffe<\/h1>\n\n\n\n<p>Die richtige Auswahl des verwendeten Rohstoffs ist f\u00fcr das perfekte Endergebnis und die Druckqualit\u00e4t Ihres Produkts unentbehrlich. Aus diesem Grund bieten wir ein sehr breites Spektrum an Materialien an, welche f\u00fcr die Produktion in Frage kommen und sich in ihrer Art, ihrem Gewicht und ihrem Ursprung unterscheiden.<\/p>\n\n\n\n<p>Das sorgf\u00e4ltig ausgew\u00e4hlte Material ist ein wichtiger Faktor des Projekts &#8211; es st\u00e4rkt die Aussage von aufgedruckten Informationen und Grafiken. Zus\u00e4tzlich erh\u00f6ht es den Wert von Verpackungen oder Werbematerialien.<\/p>\n\n\n\n<div class=\"wp-block-columns is-layout-flex wp-container-core-columns-is-layout-9d6595d7 wp-block-columns-is-layout-flex\">\n<div class=\"wp-block-column is-layout-flow wp-block-column-is-layout-flow\">\n<p><strong>Papier <\/strong>wird nahezu fl\u00e4chendeckend in der Druckindustrie verwendet. Oberfl\u00e4chenunterschiede und eine gro\u00dfe Bandbreite an Fl\u00e4chengewichten erm\u00f6glichen den vielseitigen Einsatz dieses Materials. Um alle aufkommenden Trends auf dem Markt abzudecken, bieten wir ein sehr breites Spektrum an Angeboten in diesem Bereich an.<\/p>\n\n\n\n<ul class=\"wp-block-list\">\n<li>ungestrichenes Papier \u2013 auch als Offset bezeichnet;<\/li>\n\n\n\n<li>gestrichenes Papier &#8211; Kreide in Glanz, Seide, Matt;<\/li>\n\n\n\n<li>Dekorpapiere: wei\u00df und farbig mit glatter Oberfl\u00e4che, mit Struktur, oder mit diversen Charakteristika;<\/li>\n\n\n\n<li>Spezialpapiere &#8211; synthetisch mit hoher Best\u00e4ndigkeit.<\/li>\n<\/ul>\n\n\n\n<div class=\"wp-block-buttons is-layout-flex wp-block-buttons-is-layout-flex\"><\/div>\n<\/div>\n\n\n\n<div class=\"wp-block-column is-layout-flow wp-block-column-is-layout-flow\">\n<p><strong>Karton <\/strong>ist ein sehr beliebter Rohstoff, der sich durch Gleichm\u00e4\u00dfigkeit und Flexibilit\u00e4t auszeichnet und haupts\u00e4chlich im Verpackungsdruck verwendet wird. Wir bieten Ihnen folgende Auswahl:<\/p>\n\n\n\n<ul class=\"wp-block-list\">\n<li>GC1 &#8211; wei\u00df-wei\u00dfer Zellstoffkarton (einseitig mit wei\u00dfem Boden beschichtet)<\/li>\n\n\n\n<li>GC2 &#8211; wei\u00df-cremefarbener Zellstoffkarton (einseitig mit cremefarbenem Boden beschichtet)<\/li>\n\n\n\n<li>GD2 &#8211; wei\u00df-grauer Recyclingkarton (einseitig mit grauem Boden beschichtet)<\/li>\n\n\n\n<li>GT2 &#8211; wei\u00df-wei\u00dfer Recyclingkarton<\/li>\n\n\n\n<li>Kraft &#8211; umweltfreundlich, braun-braun oder wei\u00df-braun<\/li>\n<\/ul>\n<\/div>\n\n\n\n<div class=\"wp-block-column is-layout-flow wp-block-column-is-layout-flow\">\n<p>Das Prinzip von <strong>Selbstklebenden Materialien<\/strong> basiert auf einer Verbindung zwischen dem Oberpapier und dem Tr\u00e4gerpapier, welches mit Klebstoff versehen ist. Dieser Rohstoff ist haupts\u00e4chlich f\u00fcr den Etikettendruck bestimmt. Auch in diesem Bereich k\u00f6nnen wir eine breite Produktpalette anbieten:<\/p>\n\n\n\n<ul class=\"wp-block-list\">\n<li>selbstklebende Folien (wei\u00df und farbig), mit seidenmattem und mattem Effekt beschichtet;<\/li>\n\n\n\n<li>selbstklebende Papiere (wei\u00df und farbig), ungestrichen mit seidenmattem und mattem Effekt.<\/li>\n<\/ul>\n<\/div>\n<\/div>\n\n\n\n<div id=\"pageCta\" class=\"row reveal\">\n<div class=\"col-sm-12 \">\n<h4>Sie fragen sich, welches Material f\u00fcr Ihr Projekt am besten geeignet ist??<\/h4>\n<p>Wir kennen die Eigenschaften und Parameter jeglicher Rohstoffe aus dem Druckbereich und beraten Sie, was bei der Auswahl beachtet werden sollte.<\/p>\n<a href=\"https:\/\/petitgraf.pl\/de\/kontakt\" class=\"mainBtnInv2\">Kontaktieren Sie uns \u2192<\/a>\n<\/div>\n<\/div>\n","protected":false},"excerpt":{"rendered":"<p>Verwendete Rohstoffe Die richtige Auswahl des verwendeten Rohstoffs ist f\u00fcr das perfekte Endergebnis und die Druckqualit\u00e4t Ihres Produkts unentbehrlich. Aus diesem Grund bieten wir ein sehr breites Spektrum an Materialien an, welche f\u00fcr die Produktion in Frage kommen und sich in ihrer Art, ihrem Gewicht und ihrem Ursprung unterscheiden. Das sorgf\u00e4ltig ausgew\u00e4hlte Material ist ein [&hellip;]<\/p>\n","protected":false},"author":1,"featured_media":0,"parent":0,"menu_order":0,"comment_status":"closed","ping_status":"closed","template":"","meta":{"footnotes":""},"class_list":["post-18","page","type-page","status-publish","hentry"],"yoast_head":"<!-- This site is optimized with the Yoast SEO plugin v23.5 - https:\/\/yoast.com\/wordpress\/plugins\/seo\/ -->\n<title>Rohstoffe - Druckerei Petitgraf Sp. z o.o.<\/title>\n<meta name=\"robots\" content=\"index, follow, max-snippet:-1, max-image-preview:large, max-video-preview:-1\" \/>\n<link rel=\"canonical\" href=\"https:\/\/petitgraf.pl\/de\/rohstoffe\/\" \/>\n<meta property=\"og:locale\" content=\"pl_PL\" \/>\n<meta property=\"og:type\" content=\"article\" \/>\n<meta property=\"og:title\" content=\"Rohstoffe - Druckerei Petitgraf Sp. z o.o.\" \/>\n<meta property=\"og:description\" content=\"Verwendete Rohstoffe Die richtige Auswahl des verwendeten Rohstoffs ist f\u00fcr das perfekte Endergebnis und die Druckqualit\u00e4t Ihres Produkts unentbehrlich. Aus diesem Grund bieten wir ein sehr breites Spektrum an Materialien an, welche f\u00fcr die Produktion in Frage kommen und sich in ihrer Art, ihrem Gewicht und ihrem Ursprung unterscheiden. Das sorgf\u00e4ltig ausgew\u00e4hlte Material ist ein [&hellip;]\" \/>\n<meta property=\"og:url\" content=\"https:\/\/petitgraf.pl\/de\/rohstoffe\/\" \/>\n<meta property=\"og:site_name\" content=\"Druckerei Petitgraf Sp. z o.o.\" \/>\n<meta property=\"article:publisher\" content=\"https:\/\/www.facebook.com\/petitgraf\" \/>\n<meta property=\"article:modified_time\" content=\"2023-04-26T21:58:58+00:00\" \/>\n<meta name=\"twitter:card\" content=\"summary_large_image\" \/>\n<script type=\"application\/ld+json\" class=\"yoast-schema-graph\">{\"@context\":\"https:\/\/schema.org\",\"@graph\":[{\"@type\":\"WebPage\",\"@id\":\"https:\/\/petitgraf.pl\/de\/rohstoffe\/\",\"url\":\"https:\/\/petitgraf.pl\/de\/rohstoffe\/\",\"name\":\"Rohstoffe - Druckerei Petitgraf Sp. z o.o.\",\"isPartOf\":{\"@id\":\"https:\/\/petitgraf.pl\/de\/#website\"},\"datePublished\":\"2021-11-30T18:51:36+00:00\",\"dateModified\":\"2023-04-26T21:58:58+00:00\",\"breadcrumb\":{\"@id\":\"https:\/\/petitgraf.pl\/de\/rohstoffe\/#breadcrumb\"},\"inLanguage\":\"pl-PL\",\"potentialAction\":[{\"@type\":\"ReadAction\",\"target\":[\"https:\/\/petitgraf.pl\/de\/rohstoffe\/\"]}]},{\"@type\":\"BreadcrumbList\",\"@id\":\"https:\/\/petitgraf.pl\/de\/rohstoffe\/#breadcrumb\",\"itemListElement\":[{\"@type\":\"ListItem\",\"position\":1,\"name\":\"Strona g\u0142\u00f3wna\",\"item\":\"https:\/\/petitgraf.pl\/de\/\"},{\"@type\":\"ListItem\",\"position\":2,\"name\":\"Rohstoffe\"}]},{\"@type\":\"WebSite\",\"@id\":\"https:\/\/petitgraf.pl\/de\/#website\",\"url\":\"https:\/\/petitgraf.pl\/de\/\",\"name\":\"Druckerei Petitgraf Sp. z o.o.\",\"description\":\"\",\"publisher\":{\"@id\":\"https:\/\/petitgraf.pl\/de\/#organization\"},\"potentialAction\":[{\"@type\":\"SearchAction\",\"target\":{\"@type\":\"EntryPoint\",\"urlTemplate\":\"https:\/\/petitgraf.pl\/de\/?s={search_term_string}\"},\"query-input\":{\"@type\":\"PropertyValueSpecification\",\"valueRequired\":true,\"valueName\":\"search_term_string\"}}],\"inLanguage\":\"pl-PL\"},{\"@type\":\"Organization\",\"@id\":\"https:\/\/petitgraf.pl\/de\/#organization\",\"name\":\"Drukarnia Petitgraf Sp. z o.o.\",\"url\":\"https:\/\/petitgraf.pl\/de\/\",\"logo\":{\"@type\":\"ImageObject\",\"inLanguage\":\"pl-PL\",\"@id\":\"https:\/\/petitgraf.pl\/de\/#\/schema\/logo\/image\/\",\"url\":\"https:\/\/petitgraf.pl\/de\/wp-content\/uploads\/2021\/11\/drukarnia_petitgraf_brodnica_logo.png\",\"contentUrl\":\"https:\/\/petitgraf.pl\/de\/wp-content\/uploads\/2021\/11\/drukarnia_petitgraf_brodnica_logo.png\",\"width\":200,\"height\":45,\"caption\":\"Drukarnia Petitgraf Sp. z o.o.\"},\"image\":{\"@id\":\"https:\/\/petitgraf.pl\/de\/#\/schema\/logo\/image\/\"},\"sameAs\":[\"https:\/\/www.facebook.com\/petitgraf\"]}]}<\/script>\n<!-- \/ Yoast SEO plugin. -->","yoast_head_json":{"title":"Rohstoffe - Druckerei Petitgraf Sp. z o.o.","robots":{"index":"index","follow":"follow","max-snippet":"max-snippet:-1","max-image-preview":"max-image-preview:large","max-video-preview":"max-video-preview:-1"},"canonical":"https:\/\/petitgraf.pl\/de\/rohstoffe\/","og_locale":"pl_PL","og_type":"article","og_title":"Rohstoffe - Druckerei Petitgraf Sp. z o.o.","og_description":"Verwendete Rohstoffe Die richtige Auswahl des verwendeten Rohstoffs ist f\u00fcr das perfekte Endergebnis und die Druckqualit\u00e4t Ihres Produkts unentbehrlich. Aus diesem Grund bieten wir ein sehr breites Spektrum an Materialien an, welche f\u00fcr die Produktion in Frage kommen und sich in ihrer Art, ihrem Gewicht und ihrem Ursprung unterscheiden. Das sorgf\u00e4ltig ausgew\u00e4hlte Material ist ein [&hellip;]","og_url":"https:\/\/petitgraf.pl\/de\/rohstoffe\/","og_site_name":"Druckerei Petitgraf Sp. z o.o.","article_publisher":"https:\/\/www.facebook.com\/petitgraf","article_modified_time":"2023-04-26T21:58:58+00:00","twitter_card":"summary_large_image","schema":{"@context":"https:\/\/schema.org","@graph":[{"@type":"WebPage","@id":"https:\/\/petitgraf.pl\/de\/rohstoffe\/","url":"https:\/\/petitgraf.pl\/de\/rohstoffe\/","name":"Rohstoffe - Druckerei Petitgraf Sp. z o.o.","isPartOf":{"@id":"https:\/\/petitgraf.pl\/de\/#website"},"datePublished":"2021-11-30T18:51:36+00:00","dateModified":"2023-04-26T21:58:58+00:00","breadcrumb":{"@id":"https:\/\/petitgraf.pl\/de\/rohstoffe\/#breadcrumb"},"inLanguage":"pl-PL","potentialAction":[{"@type":"ReadAction","target":["https:\/\/petitgraf.pl\/de\/rohstoffe\/"]}]},{"@type":"BreadcrumbList","@id":"https:\/\/petitgraf.pl\/de\/rohstoffe\/#breadcrumb","itemListElement":[{"@type":"ListItem","position":1,"name":"Strona g\u0142\u00f3wna","item":"https:\/\/petitgraf.pl\/de\/"},{"@type":"ListItem","position":2,"name":"Rohstoffe"}]},{"@type":"WebSite","@id":"https:\/\/petitgraf.pl\/de\/#website","url":"https:\/\/petitgraf.pl\/de\/","name":"Druckerei Petitgraf Sp. z o.o.","description":"","publisher":{"@id":"https:\/\/petitgraf.pl\/de\/#organization"},"potentialAction":[{"@type":"SearchAction","target":{"@type":"EntryPoint","urlTemplate":"https:\/\/petitgraf.pl\/de\/?s={search_term_string}"},"query-input":{"@type":"PropertyValueSpecification","valueRequired":true,"valueName":"search_term_string"}}],"inLanguage":"pl-PL"},{"@type":"Organization","@id":"https:\/\/petitgraf.pl\/de\/#organization","name":"Drukarnia Petitgraf Sp. z o.o.","url":"https:\/\/petitgraf.pl\/de\/","logo":{"@type":"ImageObject","inLanguage":"pl-PL","@id":"https:\/\/petitgraf.pl\/de\/#\/schema\/logo\/image\/","url":"https:\/\/petitgraf.pl\/de\/wp-content\/uploads\/2021\/11\/drukarnia_petitgraf_brodnica_logo.png","contentUrl":"https:\/\/petitgraf.pl\/de\/wp-content\/uploads\/2021\/11\/drukarnia_petitgraf_brodnica_logo.png","width":200,"height":45,"caption":"Drukarnia Petitgraf Sp. z o.o."},"image":{"@id":"https:\/\/petitgraf.pl\/de\/#\/schema\/logo\/image\/"},"sameAs":["https:\/\/www.facebook.com\/petitgraf"]}]}},"_links":{"self":[{"href":"https:\/\/petitgraf.pl\/de\/wp-json\/wp\/v2\/pages\/18","targetHints":{"allow":["GET"]}}],"collection":[{"href":"https:\/\/petitgraf.pl\/de\/wp-json\/wp\/v2\/pages"}],"about":[{"href":"https:\/\/petitgraf.pl\/de\/wp-json\/wp\/v2\/types\/page"}],"author":[{"embeddable":true,"href":"https:\/\/petitgraf.pl\/de\/wp-json\/wp\/v2\/users\/1"}],"replies":[{"embeddable":true,"href":"https:\/\/petitgraf.pl\/de\/wp-json\/wp\/v2\/comments?post=18"}],"version-history":[{"count":50,"href":"https:\/\/petitgraf.pl\/de\/wp-json\/wp\/v2\/pages\/18\/revisions"}],"predecessor-version":[{"id":366,"href":"https:\/\/petitgraf.pl\/de\/wp-json\/wp\/v2\/pages\/18\/revisions\/366"}],"wp:attachment":[{"href":"https:\/\/petitgraf.pl\/de\/wp-json\/wp\/v2\/media?parent=18"}],"curies":[{"name":"wp","href":"https:\/\/api.w.org\/{rel}","templated":true}]}}