{"id":20,"date":"2021-11-30T19:51:44","date_gmt":"2021-11-30T18:51:44","guid":{"rendered":"https:\/\/petitgraf.pl\/de\/drukarnia\/?page_id=20"},"modified":"2025-03-07T12:04:24","modified_gmt":"2025-03-07T11:04:24","slug":"qualitat","status":"publish","type":"page","link":"https:\/\/petitgraf.pl\/de\/qualitat\/","title":{"rendered":"Qualit\u00e4t"},"content":{"rendered":"\n<h2 class=\"wp-block-heading\">Sie legen Wert auf Qualit\u00e4t? F\u00fcr uns ist sie das wichtigste Gut.<\/h2>\n\n\n\n<p>Wir gehen professionell und zuverl\u00e4ssig an unsere Arbeit heran, drum verbessern wir st\u00e4ndig die Qualit\u00e4t unserer Dienstleistungen und Produkte. Dadurch k\u00f6nnen wir unseren Kunden moderne und optimale L\u00f6sungen rund um den Druck anbieten.<\/p>\n\n\n\n<p>Die Qualit\u00e4t und Sicherheit der Prozesse sowie die Schonung der Umwelt stehen f\u00fcr uns an erster Stelle. Die Aktivit\u00e4ten der Druckerei Petitgraf in diesem Bereich werden durch die verliehenen Zertifikate best\u00e4tigt.<\/p>\n\n\n\n<div class=\"wp-block-media-text alignwide has-media-on-the-right is-stacked-on-mobile\"><div class=\"wp-block-media-text__content\">\n<h1 class=\"wp-block-heading\" id=\"block-72a4e132-9f8f-4b1f-bf6c-8a3ed7ee7fd7\">Qualit\u00e4ts-und Umweltmanagementsystem nach dem standard PN-EN ISO 9001:2015 und PN-EN ISO 14001:2015<\/h1>\n\n\n\n<p>Durch das implementierte Qualit\u00e4ts-und Umweltmanagementsystem stellen wir eine kontinuierliche Verbesserung der Prozesse und h\u00f6chste Betriebsqualit\u00e4t sicher. Das Zertifikat best\u00e4tigt unsere F\u00e4higkeit, kontinuierlich Dienstleistungen und Produkte anzubieten, die den Erwartungen und Anforderungen der Kunden entsprechen.<\/p>\n\n\n\n<p>Das System ist ein Schl\u00fcsselelement unseres Handelns.<\/p>\n\n\n\n<div class=\"wp-block-buttons is-layout-flex wp-block-buttons-is-layout-flex\">\n<div class=\"wp-block-button\"><a class=\"wp-block-button__link wp-element-button\" href=\"https:\/\/petitgraf.pl\/de\/kontakt\/\">Schreiben Sie uns \u2192 <\/a><\/div>\n<\/div>\n<\/div><figure class=\"wp-block-media-text__media\"><img decoding=\"async\" src=\"https:\/\/petitgraf.pl\/de\/wp-content\/uploads\/2025\/03\/petitgraf-iso-2025-de.jpg\" alt=\"\" class=\"wp-image-273 size-full\"\/><\/figure><\/div>\n\n\n\n<div style=\"height:128px\" aria-hidden=\"true\" class=\"wp-block-spacer\"><\/div>\n\n\n\n<div class=\"wp-block-media-text alignwide is-stacked-on-mobile\"><figure class=\"wp-block-media-text__media\"><img decoding=\"async\" src=\"https:\/\/petitgraf.pl\/de\/wp-content\/uploads\/2025\/02\/fsc-petitgraf-2025.jpg\" alt=\"\" class=\"wp-image-71 size-full\"\/><\/figure><div class=\"wp-block-media-text__content\">\n<h1 class=\"wp-block-heading\" id=\"block-72a4e132-9f8f-4b1f-bf6c-8a3ed7ee7fd7\">FSC\u00ae CHAIN-OF-CUSTODY<\/h1>\n\n\n\n<p>Um die Umwelt zu schonen und eine verantwortungsvolle Waldbewirtschaftung zu unterst\u00fctzen, haben wir die FSC\u00ae-Standards implementiert und wenden sie an, die immer mehr Anerkennung und Vertrauen gewinnen. Dank dieser Aktivit\u00e4ten ist es m\u00f6glich, die Waldressourcen bedacht zu nutzen und die sch\u00e4dlichen Auswirkungen auf die Umwelt zu reduzieren, indem Rohstoffe aus nachhaltig bewirtschafteten W\u00e4ldern verwendet werden.<\/p>\n\n\n\n<div class=\"wp-block-buttons is-layout-flex wp-block-buttons-is-layout-flex\">\n<div class=\"wp-block-button\"><a class=\"wp-block-button__link wp-element-button\" href=\"https:\/\/petitgraf.pl\/de\/kontakt\/\">Schreiben Sie uns \u2192 <\/a><\/div>\n<\/div>\n<\/div><\/div>\n\n\n\n<div class=\"wp-block-media-text alignwide has-media-on-the-right is-stacked-on-mobile\"><div class=\"wp-block-media-text__content\">\n\n\n\n<p><\/p>\n\n\n\n<div class=\"wp-block-buttons is-layout-flex wp-block-buttons-is-layout-flex\"><\/div>\n<\/div><figure class=\"wp-block-media-text__media\"><img decoding=\"async\" src=\"https:\/\/petitgraf.pl\/wp-content\/uploads\/2025\/03\/polityka-jakosci-petitgraf-2025.jpg\" alt=\"\" class=\"wp-image-273 size-full\"\/><\/figure><\/div>\n","protected":false},"excerpt":{"rendered":"<p>Sie legen Wert auf Qualit\u00e4t? F\u00fcr uns ist sie das wichtigste Gut. Wir gehen professionell und zuverl\u00e4ssig an unsere Arbeit heran, drum verbessern wir st\u00e4ndig die Qualit\u00e4t unserer Dienstleistungen und Produkte. Dadurch k\u00f6nnen wir unseren Kunden moderne und optimale L\u00f6sungen rund um den Druck anbieten. Die Qualit\u00e4t und Sicherheit der Prozesse sowie die Schonung der [&hellip;]<\/p>\n","protected":false},"author":1,"featured_media":0,"parent":0,"menu_order":0,"comment_status":"closed","ping_status":"closed","template":"","meta":{"footnotes":""},"class_list":["post-20","page","type-page","status-publish","hentry"],"yoast_head":"<!-- This site is optimized with the Yoast SEO plugin v23.5 - https:\/\/yoast.com\/wordpress\/plugins\/seo\/ -->\n<title>Qualit\u00e4t - Druckerei Petitgraf Sp. z o.o.<\/title>\n<meta name=\"robots\" content=\"index, follow, max-snippet:-1, max-image-preview:large, max-video-preview:-1\" \/>\n<link rel=\"canonical\" href=\"https:\/\/petitgraf.pl\/de\/qualitat\/\" \/>\n<meta property=\"og:locale\" content=\"pl_PL\" \/>\n<meta property=\"og:type\" content=\"article\" \/>\n<meta property=\"og:title\" content=\"Qualit\u00e4t - Druckerei Petitgraf Sp. z o.o.\" \/>\n<meta property=\"og:description\" content=\"Sie legen Wert auf Qualit\u00e4t? F\u00fcr uns ist sie das wichtigste Gut. Wir gehen professionell und zuverl\u00e4ssig an unsere Arbeit heran, drum verbessern wir st\u00e4ndig die Qualit\u00e4t unserer Dienstleistungen und Produkte. Dadurch k\u00f6nnen wir unseren Kunden moderne und optimale L\u00f6sungen rund um den Druck anbieten. Die Qualit\u00e4t und Sicherheit der Prozesse sowie die Schonung der [&hellip;]\" \/>\n<meta property=\"og:url\" content=\"https:\/\/petitgraf.pl\/de\/qualitat\/\" \/>\n<meta property=\"og:site_name\" content=\"Druckerei Petitgraf Sp. z o.o.\" \/>\n<meta property=\"article:publisher\" content=\"https:\/\/www.facebook.com\/petitgraf\" \/>\n<meta property=\"article:modified_time\" content=\"2025-03-07T11:04:24+00:00\" \/>\n<meta property=\"og:image\" content=\"https:\/\/petitgraf.pl\/de\/wp-content\/uploads\/2025\/03\/petitgraf-iso-2025-de.jpg\" \/>\n<meta name=\"twitter:card\" content=\"summary_large_image\" \/>\n<script type=\"application\/ld+json\" class=\"yoast-schema-graph\">{\"@context\":\"https:\/\/schema.org\",\"@graph\":[{\"@type\":\"WebPage\",\"@id\":\"https:\/\/petitgraf.pl\/de\/qualitat\/\",\"url\":\"https:\/\/petitgraf.pl\/de\/qualitat\/\",\"name\":\"Qualit\u00e4t - Druckerei Petitgraf Sp. z o.o.\",\"isPartOf\":{\"@id\":\"https:\/\/petitgraf.pl\/de\/#website\"},\"primaryImageOfPage\":{\"@id\":\"https:\/\/petitgraf.pl\/de\/qualitat\/#primaryimage\"},\"image\":{\"@id\":\"https:\/\/petitgraf.pl\/de\/qualitat\/#primaryimage\"},\"thumbnailUrl\":\"https:\/\/petitgraf.pl\/de\/wp-content\/uploads\/2025\/03\/petitgraf-iso-2025-de.jpg\",\"datePublished\":\"2021-11-30T18:51:44+00:00\",\"dateModified\":\"2025-03-07T11:04:24+00:00\",\"breadcrumb\":{\"@id\":\"https:\/\/petitgraf.pl\/de\/qualitat\/#breadcrumb\"},\"inLanguage\":\"pl-PL\",\"potentialAction\":[{\"@type\":\"ReadAction\",\"target\":[\"https:\/\/petitgraf.pl\/de\/qualitat\/\"]}]},{\"@type\":\"ImageObject\",\"inLanguage\":\"pl-PL\",\"@id\":\"https:\/\/petitgraf.pl\/de\/qualitat\/#primaryimage\",\"url\":\"https:\/\/petitgraf.pl\/de\/wp-content\/uploads\/2022\/09\/PETITGRAF-J2015-C2022-polska.jpg\",\"contentUrl\":\"https:\/\/petitgraf.pl\/de\/wp-content\/uploads\/2022\/09\/PETITGRAF-J2015-C2022-polska.jpg\",\"width\":1200,\"height\":1601},{\"@type\":\"BreadcrumbList\",\"@id\":\"https:\/\/petitgraf.pl\/de\/qualitat\/#breadcrumb\",\"itemListElement\":[{\"@type\":\"ListItem\",\"position\":1,\"name\":\"Strona g\u0142\u00f3wna\",\"item\":\"https:\/\/petitgraf.pl\/de\/\"},{\"@type\":\"ListItem\",\"position\":2,\"name\":\"Qualit\u00e4t\"}]},{\"@type\":\"WebSite\",\"@id\":\"https:\/\/petitgraf.pl\/de\/#website\",\"url\":\"https:\/\/petitgraf.pl\/de\/\",\"name\":\"Druckerei Petitgraf Sp. z o.o.\",\"description\":\"\",\"publisher\":{\"@id\":\"https:\/\/petitgraf.pl\/de\/#organization\"},\"potentialAction\":[{\"@type\":\"SearchAction\",\"target\":{\"@type\":\"EntryPoint\",\"urlTemplate\":\"https:\/\/petitgraf.pl\/de\/?s={search_term_string}\"},\"query-input\":{\"@type\":\"PropertyValueSpecification\",\"valueRequired\":true,\"valueName\":\"search_term_string\"}}],\"inLanguage\":\"pl-PL\"},{\"@type\":\"Organization\",\"@id\":\"https:\/\/petitgraf.pl\/de\/#organization\",\"name\":\"Drukarnia Petitgraf Sp. z o.o.\",\"url\":\"https:\/\/petitgraf.pl\/de\/\",\"logo\":{\"@type\":\"ImageObject\",\"inLanguage\":\"pl-PL\",\"@id\":\"https:\/\/petitgraf.pl\/de\/#\/schema\/logo\/image\/\",\"url\":\"https:\/\/petitgraf.pl\/de\/wp-content\/uploads\/2021\/11\/drukarnia_petitgraf_brodnica_logo.png\",\"contentUrl\":\"https:\/\/petitgraf.pl\/de\/wp-content\/uploads\/2021\/11\/drukarnia_petitgraf_brodnica_logo.png\",\"width\":200,\"height\":45,\"caption\":\"Drukarnia Petitgraf Sp. z o.o.\"},\"image\":{\"@id\":\"https:\/\/petitgraf.pl\/de\/#\/schema\/logo\/image\/\"},\"sameAs\":[\"https:\/\/www.facebook.com\/petitgraf\"]}]}<\/script>\n<!-- \/ Yoast SEO plugin. -->","yoast_head_json":{"title":"Qualit\u00e4t - Druckerei Petitgraf Sp. z o.o.","robots":{"index":"index","follow":"follow","max-snippet":"max-snippet:-1","max-image-preview":"max-image-preview:large","max-video-preview":"max-video-preview:-1"},"canonical":"https:\/\/petitgraf.pl\/de\/qualitat\/","og_locale":"pl_PL","og_type":"article","og_title":"Qualit\u00e4t - Druckerei Petitgraf Sp. z o.o.","og_description":"Sie legen Wert auf Qualit\u00e4t? F\u00fcr uns ist sie das wichtigste Gut. Wir gehen professionell und zuverl\u00e4ssig an unsere Arbeit heran, drum verbessern wir st\u00e4ndig die Qualit\u00e4t unserer Dienstleistungen und Produkte. Dadurch k\u00f6nnen wir unseren Kunden moderne und optimale L\u00f6sungen rund um den Druck anbieten. Die Qualit\u00e4t und Sicherheit der Prozesse sowie die Schonung der [&hellip;]","og_url":"https:\/\/petitgraf.pl\/de\/qualitat\/","og_site_name":"Druckerei Petitgraf Sp. z o.o.","article_publisher":"https:\/\/www.facebook.com\/petitgraf","article_modified_time":"2025-03-07T11:04:24+00:00","og_image":[{"url":"https:\/\/petitgraf.pl\/de\/wp-content\/uploads\/2025\/03\/petitgraf-iso-2025-de.jpg"}],"twitter_card":"summary_large_image","schema":{"@context":"https:\/\/schema.org","@graph":[{"@type":"WebPage","@id":"https:\/\/petitgraf.pl\/de\/qualitat\/","url":"https:\/\/petitgraf.pl\/de\/qualitat\/","name":"Qualit\u00e4t - Druckerei Petitgraf Sp. z o.o.","isPartOf":{"@id":"https:\/\/petitgraf.pl\/de\/#website"},"primaryImageOfPage":{"@id":"https:\/\/petitgraf.pl\/de\/qualitat\/#primaryimage"},"image":{"@id":"https:\/\/petitgraf.pl\/de\/qualitat\/#primaryimage"},"thumbnailUrl":"https:\/\/petitgraf.pl\/de\/wp-content\/uploads\/2025\/03\/petitgraf-iso-2025-de.jpg","datePublished":"2021-11-30T18:51:44+00:00","dateModified":"2025-03-07T11:04:24+00:00","breadcrumb":{"@id":"https:\/\/petitgraf.pl\/de\/qualitat\/#breadcrumb"},"inLanguage":"pl-PL","potentialAction":[{"@type":"ReadAction","target":["https:\/\/petitgraf.pl\/de\/qualitat\/"]}]},{"@type":"ImageObject","inLanguage":"pl-PL","@id":"https:\/\/petitgraf.pl\/de\/qualitat\/#primaryimage","url":"https:\/\/petitgraf.pl\/de\/wp-content\/uploads\/2022\/09\/PETITGRAF-J2015-C2022-polska.jpg","contentUrl":"https:\/\/petitgraf.pl\/de\/wp-content\/uploads\/2022\/09\/PETITGRAF-J2015-C2022-polska.jpg","width":1200,"height":1601},{"@type":"BreadcrumbList","@id":"https:\/\/petitgraf.pl\/de\/qualitat\/#breadcrumb","itemListElement":[{"@type":"ListItem","position":1,"name":"Strona g\u0142\u00f3wna","item":"https:\/\/petitgraf.pl\/de\/"},{"@type":"ListItem","position":2,"name":"Qualit\u00e4t"}]},{"@type":"WebSite","@id":"https:\/\/petitgraf.pl\/de\/#website","url":"https:\/\/petitgraf.pl\/de\/","name":"Druckerei Petitgraf Sp. z o.o.","description":"","publisher":{"@id":"https:\/\/petitgraf.pl\/de\/#organization"},"potentialAction":[{"@type":"SearchAction","target":{"@type":"EntryPoint","urlTemplate":"https:\/\/petitgraf.pl\/de\/?s={search_term_string}"},"query-input":{"@type":"PropertyValueSpecification","valueRequired":true,"valueName":"search_term_string"}}],"inLanguage":"pl-PL"},{"@type":"Organization","@id":"https:\/\/petitgraf.pl\/de\/#organization","name":"Drukarnia Petitgraf Sp. z o.o.","url":"https:\/\/petitgraf.pl\/de\/","logo":{"@type":"ImageObject","inLanguage":"pl-PL","@id":"https:\/\/petitgraf.pl\/de\/#\/schema\/logo\/image\/","url":"https:\/\/petitgraf.pl\/de\/wp-content\/uploads\/2021\/11\/drukarnia_petitgraf_brodnica_logo.png","contentUrl":"https:\/\/petitgraf.pl\/de\/wp-content\/uploads\/2021\/11\/drukarnia_petitgraf_brodnica_logo.png","width":200,"height":45,"caption":"Drukarnia Petitgraf Sp. z o.o."},"image":{"@id":"https:\/\/petitgraf.pl\/de\/#\/schema\/logo\/image\/"},"sameAs":["https:\/\/www.facebook.com\/petitgraf"]}]}},"_links":{"self":[{"href":"https:\/\/petitgraf.pl\/de\/wp-json\/wp\/v2\/pages\/20","targetHints":{"allow":["GET"]}}],"collection":[{"href":"https:\/\/petitgraf.pl\/de\/wp-json\/wp\/v2\/pages"}],"about":[{"href":"https:\/\/petitgraf.pl\/de\/wp-json\/wp\/v2\/types\/page"}],"author":[{"embeddable":true,"href":"https:\/\/petitgraf.pl\/de\/wp-json\/wp\/v2\/users\/1"}],"replies":[{"embeddable":true,"href":"https:\/\/petitgraf.pl\/de\/wp-json\/wp\/v2\/comments?post=20"}],"version-history":[{"count":25,"href":"https:\/\/petitgraf.pl\/de\/wp-json\/wp\/v2\/pages\/20\/revisions"}],"predecessor-version":[{"id":402,"href":"https:\/\/petitgraf.pl\/de\/wp-json\/wp\/v2\/pages\/20\/revisions\/402"}],"wp:attachment":[{"href":"https:\/\/petitgraf.pl\/de\/wp-json\/wp\/v2\/media?parent=20"}],"curies":[{"name":"wp","href":"https:\/\/api.w.org\/{rel}","templated":true}]}}